{"id":34,"date":"2020-03-02T21:18:50","date_gmt":"2020-03-02T18:18:50","guid":{"rendered":"https:\/\/digitalis.com.tr\/?page_id=34"},"modified":"2021-05-30T16:15:44","modified_gmt":"2021-05-30T13:15:44","slug":"contact","status":"publish","type":"page","link":"https:\/\/digitalis.com.tr\/tr\/contact\/","title":{"rendered":"\u0130leti\u015fim"},"content":{"rendered":"<h3>Location<\/h3>\n<p>Esentepe Mah. \u00a0B\u00fcy\u00fckdere Cad. Loft A Blok No:56 34360 \u015ei\u015fli\/\u0130stanbul<\/p>\n<p>Phone : <a href=\"http:\/\/tel+902129651200\u200b\">+90 212 965 12 00\u200b<\/a><\/p>\n<p>Email :<a href=\"mailto:info@digitalis.com.tr\"> info@digitalis.com.tr<\/a><\/p>\n<h3>Our Hours<\/h3>\n<p>MON-FRI 09:00 &#8211; 18:00<\/p>","protected":false},"excerpt":{"rendered":"<p>Location Esentepe Mah. \u00a0B\u00fcy\u00fckdere Cad. Loft A Blok No:56 34360 \u015ei\u015fli\/\u0130stanbul Phone : +90 212 965 12 00\u200b Email : info@digitalis.com.tr Our Hours MON-FRI 09:00 &#8211; 18:00<\/p>","protected":false},"author":1,"featured_media":0,"parent":0,"menu_order":0,"comment_status":"closed","ping_status":"closed","template":"","meta":[],"_links":{"self":[{"href":"https:\/\/digitalis.com.tr\/tr\/wp-json\/wp\/v2\/pages\/34"}],"collection":[{"href":"https:\/\/digitalis.com.tr\/tr\/wp-json\/wp\/v2\/pages"}],"about":[{"href":"https:\/\/digitalis.com.tr\/tr\/wp-json\/wp\/v2\/types\/page"}],"author":[{"embeddable":true,"href":"https:\/\/digitalis.com.tr\/tr\/wp-json\/wp\/v2\/users\/1"}],"replies":[{"embeddable":true,"href":"https:\/\/digitalis.com.tr\/tr\/wp-json\/wp\/v2\/comments?post=34"}],"version-history":[{"count":6,"href":"https:\/\/digitalis.com.tr\/tr\/wp-json\/wp\/v2\/pages\/34\/revisions"}],"predecessor-version":[{"id":686,"href":"https:\/\/digitalis.com.tr\/tr\/wp-json\/wp\/v2\/pages\/34\/revisions\/686"}],"wp:attachment":[{"href":"https:\/\/digitalis.com.tr\/tr\/wp-json\/wp\/v2\/media?parent=34"}],"curies":[{"name":"wp","href":"https:\/\/api.w.org\/{rel}","templated":true}]}}